{"id":485,"date":"2013-03-26T09:02:55","date_gmt":"2013-03-26T09:02:55","guid":{"rendered":"http:\/\/www.maydayestudio.com\/bcnkitchen\/?page_id=485"},"modified":"2017-02-15T10:41:59","modified_gmt":"2017-02-15T10:41:59","slug":"quienes-somos","status":"publish","type":"page","link":"https:\/\/www.bcnkitchen.com\/blog\/quienes-somos\/","title":{"rendered":"Qui\u00e9nes somos"},"content":{"rendered":"<address>[one_fourth]Somos pasi\u00f3n, devoci\u00f3n, esfuerzo y amor, mucho amor por la cocina, eso es lo que verdaderamente nos define.[\/one_fourth]<\/address>\n<p>[three_fourth_last]Con este blog queremos compartir con nuestros seguidores nuestras inquietudes gastron\u00f3micas, curiosidades, recetas, lugares y sabores, y as\u00ed junto con vuestros comentarios, conseguir que \u00e2\u20ac\u0153El Sal\u00f3n\u00e2\u20ac\u009d By <a title=\"bcnKITCHEN\" href=\"http:\/\/bcnkitchen.com\" target=\"_blank\">bcnKITCHEN<\/a>, se convierta en ese rinc\u00f3n donde acudir cuando tengas que preparar una cena para tus amigos o quieras conocer sitios donde comer y cenar bien, y como no, podr\u00e1s saber con un solo clic todo lo que se cuece en nuestro fogones, actividades, talleres, cooking parties, etc.[\/three_fourth_last]<\/p>\n<p>[one_half] <img loading=\"lazy\" decoding=\"async\" class=\"size-thumbnail wp-image-636 aligncenter\" src=\"http:\/\/www.bcnkitchen.com\/blog\/wp-content\/uploads\/monica_bcnkitchen-150x150.png\" alt=\"monica_bcnkitchen\" width=\"75\" height=\"75\" srcset=\"https:\/\/www.bcnkitchen.com\/blog\/wp-content\/uploads\/monica_bcnkitchen-150x150.png 150w, https:\/\/www.bcnkitchen.com\/blog\/wp-content\/uploads\/monica_bcnkitchen-300x300.png 300w, https:\/\/www.bcnkitchen.com\/blog\/wp-content\/uploads\/monica_bcnkitchen-56x56.png 56w, https:\/\/www.bcnkitchen.com\/blog\/wp-content\/uploads\/monica_bcnkitchen-50x50.png 50w, https:\/\/www.bcnkitchen.com\/blog\/wp-content\/uploads\/monica_bcnkitchen-320x316.png 320w, https:\/\/www.bcnkitchen.com\/blog\/wp-content\/uploads\/monica_bcnkitchen.png 420w\" sizes=\"(max-width: 75px) 100vw, 75px\" \/><\/p>\n<address style=\"text-align: center;\">M\u00f3nica<\/address>\n<p style=\"text-align: center;\">Pues s\u00ed, me gusta comer!! Y todo lo que tenga que ver con ello, preparaciones alrededor de la cocina, olores, texturas, y como no sobremesas con la familia y amigos, por eso bcnKITCHEN, he conseguido que mi vida gire en torno a este mundo que es mi verdadera pasi\u00f3n, de abogada a empleada de banca, por fin lo consegu\u00ed, es mi sue\u00f1o y quiero compartirlo con todos![\/one_half]<\/p>\n<p>[one_half_last]<img loading=\"lazy\" decoding=\"async\" class=\"size-thumbnail wp-image-635 aligncenter\" src=\"http:\/\/www.bcnkitchen.com\/blog\/wp-content\/uploads\/dani_bcnkitchen-150x150.png\" alt=\"dani_bcnkitchen\" width=\"75\" height=\"75\" srcset=\"https:\/\/www.bcnkitchen.com\/blog\/wp-content\/uploads\/dani_bcnkitchen-150x150.png 150w, https:\/\/www.bcnkitchen.com\/blog\/wp-content\/uploads\/dani_bcnkitchen-300x300.png 300w, https:\/\/www.bcnkitchen.com\/blog\/wp-content\/uploads\/dani_bcnkitchen-56x56.png 56w, https:\/\/www.bcnkitchen.com\/blog\/wp-content\/uploads\/dani_bcnkitchen-50x50.png 50w, https:\/\/www.bcnkitchen.com\/blog\/wp-content\/uploads\/dani_bcnkitchen-320x316.png 320w, https:\/\/www.bcnkitchen.com\/blog\/wp-content\/uploads\/dani_bcnkitchen.png 420w\" sizes=\"(max-width: 75px) 100vw, 75px\" \/><\/p>\n<address style=\"text-align: center;\">Dani<\/address>\n<p style=\"text-align: center;\">Descubr\u00ed el buen comer tarde, demasiado tarde. Todo provocado por el capricho de un ni\u00f1o que solo com\u00eda lo que conoc\u00eda. En los \u00faltimos a\u00f1os he querido recuperar el tiempo perdido, asistiendo a todas las comilonas que mi madre prepara (como pude llegar a perderme eso!!!), sin parar de investigar restaurantes, sin cansarme de experimentar y dejarme llevar por lo que la gastronom\u00eda me hace sentir.[\/one_half_last]<\/p>\n<p>&nbsp;<\/p>\n<p>[one_half]<\/p>\n<address style=\"text-align: center;\">Leena Parris<\/address>\n<address style=\"text-align: center;\">\u00c2\u00a0<\/address>\n<p>[\/one_half]<\/p>\n<p>[one_half_last]<\/p>\n<address style=\"text-align: center;\">Vanessa Toral<\/address>\n<p>[\/one_half_last]<\/p>\n<p>[one_half]<\/p>\n<address style=\"text-align: center;\">Amelia Sarroca<\/address>\n<address style=\"text-align: center;\">\u00c2\u00a0<\/address>\n<p style=\"text-align: center;\">De peque\u00f1a, olfateaba y escuchaba los \u00e2\u20ac\u0153chup-chups\u00e2\u20ac\u009d de las abuelas y la madre los domingos. Decid\u00ed adentrarme en el mundo pasional de la cocina. 10 a\u00f1os despu\u00e9s he pasado por la escuela catalana, la vasca y contin\u00fao viajando buscando aromas, olores y gustos alrededor del mundo.\u00c2\u00a0[\/one_half]<\/p>\n<p style=\"text-align: left;\"><span style=\"line-height: 1.714285714; text-align: center; font-size: 1rem;\">[one_half_last]<\/span><\/p>\n<address style=\"text-align: center;\">\u00e0\u0081lvaro Brun<\/address>\n<p>\u00c2\u00a0<span style=\"font-size: 1rem; line-height: 1;\">[\/one_half_last]<\/span><\/p>\n<p>[one_half]<\/p>\n<address style=\"text-align: center;\">Victor Ninguela<\/address>\n<p style=\"text-align: center;\">\u00c2\u00a0[\/one_half]<\/p>\n<p style=\"text-align: left;\"><span style=\"line-height: 1.714285714; text-align: center; font-size: 1rem;\">[one_half_last]<\/span><\/p>\n<address style=\"text-align: center;\">Cristina Montes<\/address>\n<p>\u00c2\u00a0<span style=\"font-size: 1rem; line-height: 1;\">[\/one_half_last]<\/span><\/p>\n<p>&nbsp;<\/p>\n<p style=\"text-align: center;\"><img loading=\"lazy\" decoding=\"async\" width=\"250\" height=\"17\" class=\" wp-image-535 aligncenter\" src=\"http:\/\/www.bcnkitchen.com\/blog\/wp-content\/uploads\/separador-quienes.png\" alt=\"separador-quienes\" \/><\/p>\n<p style=\"text-align: left;\">Si quieres ponerte en contacto con nosotros para cualquier pregunta o sugerencia rellena el siguiente formulario. Nos pondremos en contacto contigo lo m\u00e1s pronto posible.<\/p>\n","protected":false},"excerpt":{"rendered":"<p>[one_fourth]Somos pasi\u00f3n, devoci\u00f3n, esfuerzo y amor, mucho amor por la cocina, eso es lo que verdaderamente nos define.[\/one_fourth] [three_fourth_last]Con este blog queremos compartir con nuestros seguidores nuestras inquietudes gastron\u00f3micas, curiosidades, &hellip; <\/p>\n","protected":false},"author":2,"featured_media":0,"parent":0,"menu_order":0,"comment_status":"open","ping_status":"closed","template":"template-quienes-somos.php","meta":{"footnotes":""},"_links":{"self":[{"href":"https:\/\/www.bcnkitchen.com\/blog\/wp-json\/wp\/v2\/pages\/485"}],"collection":[{"href":"https:\/\/www.bcnkitchen.com\/blog\/wp-json\/wp\/v2\/pages"}],"about":[{"href":"https:\/\/www.bcnkitchen.com\/blog\/wp-json\/wp\/v2\/types\/page"}],"author":[{"embeddable":true,"href":"https:\/\/www.bcnkitchen.com\/blog\/wp-json\/wp\/v2\/users\/2"}],"replies":[{"embeddable":true,"href":"https:\/\/www.bcnkitchen.com\/blog\/wp-json\/wp\/v2\/comments?post=485"}],"version-history":[{"count":16,"href":"https:\/\/www.bcnkitchen.com\/blog\/wp-json\/wp\/v2\/pages\/485\/revisions"}],"predecessor-version":[{"id":3882,"href":"https:\/\/www.bcnkitchen.com\/blog\/wp-json\/wp\/v2\/pages\/485\/revisions\/3882"}],"wp:attachment":[{"href":"https:\/\/www.bcnkitchen.com\/blog\/wp-json\/wp\/v2\/media?parent=485"}],"curies":[{"name":"wp","href":"https:\/\/api.w.org\/{rel}","templated":true}]}}